{"id":4840,"date":"2025-06-01T21:22:00","date_gmt":"2025-06-01T20:22:00","guid":{"rendered":"https:\/\/thamarusa.com\/?page_id=4840"},"modified":"2025-07-30T10:29:41","modified_gmt":"2025-07-30T09:29:41","slug":"create-your-business-in-the-united-states-form","status":"publish","type":"page","link":"https:\/\/thamarusa.com\/fr\/create-your-business-in-the-united-states-form\/","title":{"rendered":"Create your business in the United States form"},"content":{"rendered":"<div data-elementor-type=\"wp-page\" data-elementor-id=\"4840\" class=\"elementor elementor-4840\" data-elementor-post-type=\"page\">\n\t\t\t\t\t\t<section data-particle_enable=\"false\" data-particle-mobile-disabled=\"false\" class=\"elementor-section elementor-top-section elementor-element elementor-element-fa86a21 elementor-section-boxed elementor-section-height-default elementor-section-height-default wpr-particle-no wpr-jarallax-no wpr-parallax-no wpr-sticky-section-no\" data-id=\"fa86a21\" data-element_type=\"section\">\n\t\t\t\t\t\t<div class=\"elementor-container elementor-column-gap-default\">\n\t\t\t\t\t<div class=\"elementor-column elementor-col-100 elementor-top-column elementor-element elementor-element-bf64704\" data-id=\"bf64704\" data-element_type=\"column\">\n\t\t\t<div class=\"elementor-widget-wrap elementor-element-populated\">\n\t\t\t\t\t\t<div class=\"elementor-element elementor-element-8e11759 elementor-widget elementor-widget-cz_title\" data-id=\"8e11759\" data-element_type=\"widget\" data-widget_type=\"cz_title.default\">\n\t\t\t\t<div class=\"elementor-widget-container\">\n\t\t\t\t\t\t\r\n\t\t<div>\r\n\t\t\t<div class=\"cz_title clr cz_title_pos_inline tac\"><div class=\"cz_title_shape shape_icon cz_shape_1\"><i class=\"fa czico-200-down-arrow\"><\/i><\/div><div class=\"cz_title_shape shape_icon cz_shape_2\"><i class=\"fa fa-caret-down\"><\/i><\/div><div class=\"cz_title_content\"><div class=\"cz_wpe_content\"><p style=\"text-align: center;\">CONTACT<\/p><h2 style=\"text-align: center;\"><span style=\"font-size: 32px;\">Contactez nous<\/span><\/h2><\/div><\/div><\/div>\r\n\t\t<\/div>\r\n\t\t\r\n\t\t\t\t\t\t<\/div>\n\t\t\t\t<\/div>\n\t\t\t\t<div class=\"elementor-element elementor-element-39b77c1 elementor-widget elementor-widget-text-editor\" data-id=\"39b77c1\" data-element_type=\"widget\" data-widget_type=\"text-editor.default\">\n\t\t\t\t\t\t\t\t\t<section class=\"elementor-section elementor-top-section elementor-element elementor-element-4f86aa3f elementor-section-boxed elementor-section-height-default elementor-section-height-default wpr-particle-no wpr-jarallax-no wpr-parallax-no wpr-sticky-section-no\" data-id=\"4f86aa3f\" data-element_type=\"section\"><div class=\"elementor-container elementor-column-gap-default\"><div class=\"elementor-column elementor-col-100 elementor-top-column elementor-element elementor-element-2af544d7\" data-id=\"2af544d7\" data-element_type=\"column\"><div class=\"elementor-widget-wrap elementor-element-populated\"><div class=\"elementor-element elementor-element-398b5698 elementor-widget elementor-widget-text-editor\" data-id=\"398b5698\" data-element_type=\"widget\" data-widget_type=\"text-editor.default\"><article class=\"text-token-text-primary w-full focus:outline-none scroll-mt-[calc(var(--header-height)+min(200px,max(70px,20svh)))]\" dir=\"auto\" tabindex=\"-1\" data-testid=\"conversation-turn-18\" data-scroll-anchor=\"true\" data-turn=\"assistant\"><div class=\"text-base my-auto mx-auto pb-10 [--thread-content-margin:--spacing(4)] @[37rem]:[--thread-content-margin:--spacing(6)] @[72rem]:[--thread-content-margin:--spacing(16)] px-(--thread-content-margin)\"><div class=\"[--thread-content-max-width:32rem] @[34rem]:[--thread-content-max-width:40rem] @[64rem]:[--thread-content-max-width:48rem] mx-auto max-w-(--thread-content-max-width) flex-1 group\/turn-messages focus-visible:outline-hidden relative flex w-full min-w-0 flex-col agent-turn\" tabindex=\"-1\"><div class=\"flex max-w-full flex-col grow\"><div class=\"min-h-8 text-message relative flex w-full flex-col items-end gap-2 text-start break-words whitespace-normal [.text-message+&amp;]:mt-5\" dir=\"auto\" data-message-author-role=\"assistant\" data-message-id=\"51283c72-c2e0-4e49-93d3-ab3ef302f918\" data-message-model-slug=\"gpt-4o\"><div class=\"flex w-full flex-col gap-1 empty:hidden first:pt-[3px]\"><div class=\"markdown prose dark:prose-invert w-full break-words light markdown-new-styling markdown-new-styling-hidden-hrs\"><p data-start=\"0\" data-end=\"212\" data-is-last-node=\"\" data-is-only-node=\"\"><strong data-start=\"0\" data-end=\"212\" data-is-last-node=\"\" data-is-only-node=\"\">Nous sommes heureux de r\u00e9pondre \u00e0 toutes vos questions et de vous soutenir dans vos efforts. Que vous souhaitiez obtenir plus d'informations, soumettre une demande ou discuter d'une collaboration potentielle, nous sommes \u00e0 votre disposition.<\/strong><\/p><\/div><\/div><\/div><\/div><\/div><\/div><\/article><div class=\"pointer-events-none h-px w-px\" aria-hidden=\"true\" data-edge=\"true\">\u00a0<\/div><\/div><\/div><\/div><\/div><\/section>\t\t\t\t\t\t\t\t<\/div>\n\t\t\t\t\t<\/div>\n\t\t<\/div>\n\t\t\t\t\t<\/div>\n\t\t<\/section>\n\t\t<div data-particle_enable=\"false\" data-particle-mobile-disabled=\"false\" class=\"elementor-element elementor-element-d025e01 e-flex e-con-boxed wpr-particle-no wpr-jarallax-no wpr-parallax-no wpr-sticky-section-no e-con e-parent\" data-id=\"d025e01\" data-element_type=\"container\">\n\t\t\t\t\t<div class=\"e-con-inner\">\n\t\t<div data-particle_enable=\"false\" data-particle-mobile-disabled=\"false\" class=\"elementor-element elementor-element-09e464b e-con-full e-flex wpr-particle-no wpr-jarallax-no wpr-parallax-no wpr-sticky-section-no e-con e-child\" data-id=\"09e464b\" data-element_type=\"container\">\n\t\t\t\t<div class=\"elementor-element elementor-element-e1936a7 elementor-hidden-mobile elementor-widget elementor-widget-image\" data-id=\"e1936a7\" data-element_type=\"widget\" data-widget_type=\"image.default\">\n\t\t\t\t\t\t\t\t\t\t\t\t\t\t\t<img fetchpriority=\"high\" decoding=\"async\" width=\"1024\" height=\"683\" src=\"https:\/\/thamarusa.com\/wp-content\/uploads\/2025\/05\/ChatGPT-Image-31-mai-2025-23_23_20-1024x683.png\" class=\"attachment-large size-large wp-image-3987\" alt=\"\" srcset=\"https:\/\/thamarusa.com\/wp-content\/uploads\/2025\/05\/ChatGPT-Image-31-mai-2025-23_23_20-1024x683.png 1024w, https:\/\/thamarusa.com\/wp-content\/uploads\/2025\/05\/ChatGPT-Image-31-mai-2025-23_23_20-300x200.png 300w, https:\/\/thamarusa.com\/wp-content\/uploads\/2025\/05\/ChatGPT-Image-31-mai-2025-23_23_20-768x512.png 768w, https:\/\/thamarusa.com\/wp-content\/uploads\/2025\/05\/ChatGPT-Image-31-mai-2025-23_23_20.png 1536w\" sizes=\"(max-width: 1024px) 100vw, 1024px\" \/>\t\t\t\t\t\t\t\t\t\t\t\t\t\t\t<\/div>\n\t\t\t\t<div class=\"elementor-element elementor-element-0ef1e7c elementor-widget elementor-widget-google_maps\" data-id=\"0ef1e7c\" data-element_type=\"widget\" data-widget_type=\"google_maps.default\">\n\t\t\t\t\t\t\t<div class=\"elementor-custom-embed\">\n\t\t\t<iframe loading=\"lazy\"\n\t\t\t\t\tsrc=\"https:\/\/maps.google.com\/maps?q=Rez%20de%20chauss%C3%A9e%20du%2013%2C%20Rue%20Acharif%20Elidrissi%2C%20Maarif%2C%20Casablanca&#038;t=m&#038;z=10&#038;output=embed&#038;iwloc=near\"\n\t\t\t\t\ttitle=\"Rez de chauss\u00e9e du 13, Rue Acharif Elidrissi, Maarif, Casablanca\"\n\t\t\t\t\taria-label=\"Rez de chauss\u00e9e du 13, Rue Acharif Elidrissi, Maarif, Casablanca\"\n\t\t\t><\/iframe>\n\t\t<\/div>\n\t\t\t\t\t\t<\/div>\n\t\t\t\t<\/div>\n\t\t<div data-particle_enable=\"false\" data-particle-mobile-disabled=\"false\" class=\"elementor-element elementor-element-e4b91a1 e-con-full e-flex wpr-particle-no wpr-jarallax-no wpr-parallax-no wpr-sticky-section-no e-con e-child\" data-id=\"e4b91a1\" data-element_type=\"container\" data-settings=\"{&quot;background_background&quot;:&quot;classic&quot;}\">\n\t\t\t\t<div class=\"elementor-element elementor-element-5aa2676 eael-wpforms-labels-yes eael-wpforms-form-button-custom elementor-widget elementor-widget-eael-wpforms\" data-id=\"5aa2676\" data-element_type=\"widget\" data-widget_type=\"eael-wpforms.default\">\n\t\t\t\t\t            <div class=\"eael-contact-form eael-wpforms eael-custom-radio-checkbox eael-wpforms-align-default\">\n                                <div class=\"wpforms-container wpforms-render-modern\" id=\"wpforms-1831\"><form id=\"wpforms-form-1831\" class=\"wpforms-validate wpforms-form wpforms-ajax-form\" data-formid=\"1831\" method=\"post\" enctype=\"multipart\/form-data\" action=\"\/fr\/wp-json\/wp\/v2\/pages\/4840\" data-token=\"eb3cb25ac0a0fb2d1a809488c49a0a8b\" data-trp-original-action=\"\/fr\/wp-json\/wp\/v2\/pages\/4840\"><div class=\"wpforms-head-container\"><\/div><noscript class=\"wpforms-error-noscript\">Veuillez activer JavaScript dans votre navigateur pour remplir ce formulaire.<\/noscript><div class=\"wpforms-hidden\" id=\"wpforms-error-noscript\">Veuillez activer JavaScript dans votre navigateur pour remplir ce formulaire.<\/div><div class=\"wpforms-field-container\"><div id=\"wpforms-1831-field_2-container\" class=\"wpforms-field wpforms-field-name\" data-field-id=\"2\"><label class=\"wpforms-field-label\" for=\"wpforms-1831-field_2\">Votre nom <span class=\"wpforms-required-label\" aria-hidden=\"true\">*<\/span><\/label><input type=\"text\" id=\"wpforms-1831-field_2\" class=\"wpforms-field-large wpforms-field-required\" name=\"wpforms[fields][2]\" aria-errormessage=\"wpforms-1831-field_2-error\" required><\/div><div id=\"wpforms-1831-field_7-container\" class=\"wpforms-field wpforms-field-phone\" data-field-id=\"7\"><label class=\"wpforms-field-label\" for=\"wpforms-1831-field_7\">T\u00e9l\u00e9phone <span class=\"wpforms-required-label\" aria-hidden=\"true\">*<\/span><\/label><input type=\"tel\" id=\"wpforms-1831-field_7\" class=\"wpforms-field-large wpforms-field-required wpforms-smart-phone-field\" data-rule-smart-phone-field=\"true\" name=\"wpforms[fields][7]\" aria-errormessage=\"wpforms-1831-field_7-error\" required><\/div><div id=\"wpforms-1831-field_5-container\" class=\"wpforms-field wpforms-field-email\" data-field-id=\"5\"><label class=\"wpforms-field-label\" for=\"wpforms-1831-field_5\">Courriel <span class=\"wpforms-required-label\" aria-hidden=\"true\">*<\/span><\/label><input type=\"email\" id=\"wpforms-1831-field_5\" class=\"wpforms-field-large wpforms-field-required\" name=\"wpforms[fields][5]\" spellcheck=\"false\" aria-errormessage=\"wpforms-1831-field_5-error\" required><\/div><div id=\"wpforms-1831-field_4-container\" class=\"wpforms-field wpforms-field-radio\" data-field-id=\"4\"><fieldset><legend class=\"wpforms-field-label\">Nos forfaits<\/legend><ul id=\"wpforms-1831-field_4\" class=\"wpforms-randomize\"><li class=\"choice-1 depth-1\"><input type=\"radio\" id=\"wpforms-1831-field_4_1\" name=\"wpforms[fields][4]\" value=\"Basic \u2013 $800 (Incl. tax)\" aria-errormessage=\"wpforms-1831-field_4_1-error\"  ><label class=\"wpforms-field-label-inline\" for=\"wpforms-1831-field_4_1\">Basic - $800 (TTC)<\/label><\/li><li class=\"choice-2 depth-1\"><input type=\"radio\" id=\"wpforms-1831-field_4_2\" name=\"wpforms[fields][4]\" value=\"Prestige \u2013$2000 (Incl. tax)\" aria-errormessage=\"wpforms-1831-field_4_2-error\"  ><label class=\"wpforms-field-label-inline\" for=\"wpforms-1831-field_4_2\">Prestige -$2000 (TTC)<\/label><\/li><li class=\"choice-6 depth-1\"><input type=\"radio\" id=\"wpforms-1831-field_4_6\" name=\"wpforms[fields][4]\" value=\"Gold \u2013 $3900 (Incl. tax)\" aria-errormessage=\"wpforms-1831-field_4_6-error\"  ><label class=\"wpforms-field-label-inline\" for=\"wpforms-1831-field_4_6\">Or - $3900 (TTC)<\/label><\/li><\/ul><\/fieldset><\/div><div id=\"wpforms-1831-field_6-container\" class=\"wpforms-field wpforms-field-textarea\" data-field-id=\"6\"><label class=\"wpforms-field-label\" for=\"wpforms-1831-field_6\">Votre message <\/label><textarea id=\"wpforms-1831-field_6\" class=\"wpforms-field-medium\" name=\"wpforms[fields][6]\" aria-errormessage=\"wpforms-1831-field_6-error\" ><\/textarea><\/div><\/div><!-- .wpforms-field-container --><div class=\"wpforms-submit-container\" ><input type=\"hidden\" name=\"wpforms[id]\" value=\"1831\"><input type=\"hidden\" name=\"wpforms[author]\" value=\"1\"><button type=\"submit\" name=\"wpforms[submit]\" id=\"wpforms-submit-1831\" class=\"wpforms-submit\" data-alt-text=\"Sending in progress \" data-submit-text=\"Send\" aria-live=\"assertive\" value=\"wpforms-submit\">Envoyer<\/button><img decoding=\"async\" src=\"https:\/\/thamarusa.com\/wp-content\/plugins\/wpforms\/assets\/images\/submit-spin.svg\" class=\"wpforms-submit-spinner\" style=\"display: none;\" width=\"26\" height=\"26\" alt=\"Chargement en cours\"><\/div><input type=\"hidden\" name=\"trp-form-language\" value=\"fr\"\/><\/form><\/div>  <!-- .wpforms-container -->            <\/div>\n\t\t\t\t<\/div>\n\t\t\t\t<\/div>\n\t\t\t\t\t<\/div>\n\t\t\t\t<\/div>\n\t\t<div data-particle_enable=\"false\" data-particle-mobile-disabled=\"false\" class=\"elementor-element elementor-element-98f671a e-flex e-con-boxed wpr-particle-no wpr-jarallax-no wpr-parallax-no wpr-sticky-section-no e-con e-parent\" data-id=\"98f671a\" data-element_type=\"container\">\n\t\t\t\t\t<div class=\"e-con-inner\">\n\t\t\t\t<div class=\"elementor-element elementor-element-4555d71 elementor-widget elementor-widget-spacer\" data-id=\"4555d71\" data-element_type=\"widget\" data-widget_type=\"spacer.default\">\n\t\t\t\t\t\t\t<div class=\"elementor-spacer\">\n\t\t\t<div class=\"elementor-spacer-inner\"><\/div>\n\t\t<\/div>\n\t\t\t\t\t\t<\/div>\n\t\t\t\t\t<\/div>\n\t\t\t\t<\/div>\n\t\t<div data-particle_enable=\"false\" data-particle-mobile-disabled=\"false\" class=\"elementor-element elementor-element-1afa909 e-grid e-con-boxed wpr-particle-no wpr-jarallax-no wpr-parallax-no wpr-sticky-section-no e-con e-parent\" data-id=\"1afa909\" data-element_type=\"container\">\n\t\t\t\t\t<div class=\"e-con-inner\">\n\t\t<div data-particle_enable=\"false\" data-particle-mobile-disabled=\"false\" class=\"elementor-element elementor-element-ca3f2d8 e-con-full e-flex wpr-particle-no wpr-jarallax-no wpr-parallax-no wpr-sticky-section-no e-con e-child\" data-id=\"ca3f2d8\" data-element_type=\"container\" data-settings=\"{&quot;background_background&quot;:&quot;classic&quot;}\">\n\t\t\t\t<div class=\"elementor-element elementor-element-860012a ekit-equal-height-disable elementor-widget elementor-widget-elementskit-icon-box\" data-id=\"860012a\" data-element_type=\"widget\" data-widget_type=\"elementskit-icon-box.default\">\n\t\t\t\t\t<div class=\"ekit-wid-con\" >        <!-- link opening -->\n                <a href=\"#\" class=\"ekit_global_links\">\n                <!-- end link opening -->\n\n        <div class=\"elementskit-infobox text-center text- icon-top-align elementor-animation-\">\n                    <div class=\"elementskit-box-header elementor-animation-\">\n                <div class=\"elementskit-info-box-icon\">\n                    <i aria-hidden=\"true\" class=\"elementkit-infobox-icon icon icon-placeholder2\"><\/i>\n                <\/div>\n          <\/div>\n                        <div class=\"box-body\">\n                            <h3 class=\"elementskit-info-box-title\">\n                    Visitez notre bureau                <\/h3>\n                                            <\/div>\n        \n        \n                <\/div>\n                <\/a>\n        <\/div>\t\t\t\t<\/div>\n\t\t\t\t<div class=\"elementor-element elementor-element-02885c9 elementor-view-default elementor-widget elementor-widget-icon\" data-id=\"02885c9\" data-element_type=\"widget\" data-widget_type=\"icon.default\">\n\t\t\t\t\t\t\t<div class=\"elementor-icon-wrapper\">\n\t\t\t<div class=\"elementor-icon\">\n\t\t\t<i aria-hidden=\"true\" class=\"icon icon-minus\"><\/i>\t\t\t<\/div>\n\t\t<\/div>\n\t\t\t\t\t\t<\/div>\n\t\t\t\t<div class=\"elementor-element elementor-element-cf65989 elementor-widget elementor-widget-elementskit-heading\" data-id=\"cf65989\" data-element_type=\"widget\" data-widget_type=\"elementskit-heading.default\">\n\t\t\t\t\t<div class=\"ekit-wid-con\" ><div class=\"ekit-heading elementskit-section-title-wraper text_center   ekit_heading_tablet-   ekit_heading_mobile-\"><h2 class=\"ekit-heading--title elementskit-section-title\">Rez de chauss\u00e9e du 13, Rue Acharif Elidrissi, Maarif, Casablanca<\/h2><\/div><\/div>\t\t\t\t<\/div>\n\t\t\t\t<\/div>\n\t\t<div data-particle_enable=\"false\" data-particle-mobile-disabled=\"false\" class=\"elementor-element elementor-element-6330f35 e-con-full e-flex wpr-particle-no wpr-jarallax-no wpr-parallax-no wpr-sticky-section-no e-con e-child\" data-id=\"6330f35\" data-element_type=\"container\" data-settings=\"{&quot;background_background&quot;:&quot;classic&quot;}\">\n\t\t\t\t<div class=\"elementor-element elementor-element-db30d8e ekit-equal-height-disable elementor-widget elementor-widget-elementskit-icon-box\" data-id=\"db30d8e\" data-element_type=\"widget\" data-widget_type=\"elementskit-icon-box.default\">\n\t\t\t\t\t<div class=\"ekit-wid-con\" >        <!-- link opening -->\n                <a href=\"#\" class=\"ekit_global_links\">\n                <!-- end link opening -->\n\n        <div class=\"elementskit-infobox text-center text- icon-top-align elementor-animation-\">\n                    <div class=\"elementskit-box-header elementor-animation-\">\n                <div class=\"elementskit-info-box-icon\">\n                    <i aria-hidden=\"true\" class=\"elementkit-infobox-icon icon icon-envelope3\"><\/i>\n                <\/div>\n          <\/div>\n                        <div class=\"box-body\">\n                            <h3 class=\"elementskit-info-box-title\">\n                    Nous envoyer un courrier                <\/h3>\n                                            <\/div>\n        \n        \n                <\/div>\n                <\/a>\n        <\/div>\t\t\t\t<\/div>\n\t\t\t\t<div class=\"elementor-element elementor-element-0683f97 elementor-view-default elementor-widget elementor-widget-icon\" data-id=\"0683f97\" data-element_type=\"widget\" data-widget_type=\"icon.default\">\n\t\t\t\t\t\t\t<div class=\"elementor-icon-wrapper\">\n\t\t\t<div class=\"elementor-icon\">\n\t\t\t<i aria-hidden=\"true\" class=\"icon icon-minus\"><\/i>\t\t\t<\/div>\n\t\t<\/div>\n\t\t\t\t\t\t<\/div>\n\t\t\t\t<div class=\"elementor-element elementor-element-61cbc97 elementor-align-center elementor-widget elementor-widget-elementskit-button\" data-id=\"61cbc97\" data-element_type=\"widget\" data-widget_type=\"elementskit-button.default\">\n\t\t\t\t\t<div class=\"ekit-wid-con\" >\t\t<div class=\"ekit-btn-wraper\">\n\t\t\t\t\t\t\t<a href=\"#\" class=\"elementskit-btn  whitespace--normal\" id=\"\">\n\t\t\t\t\tcontact@thamarusa.com info.marusabg@gmail.com\t\t\t\t<\/a>\n\t\t\t\t\t<\/div>\n        <\/div>\t\t\t\t<\/div>\n\t\t\t\t<\/div>\n\t\t<div data-particle_enable=\"false\" data-particle-mobile-disabled=\"false\" class=\"elementor-element elementor-element-797fdc3 e-con-full e-flex wpr-particle-no wpr-jarallax-no wpr-parallax-no wpr-sticky-section-no e-con e-child\" data-id=\"797fdc3\" data-element_type=\"container\" data-settings=\"{&quot;background_background&quot;:&quot;classic&quot;}\">\n\t\t\t\t<div class=\"elementor-element elementor-element-99c4bb0 ekit-equal-height-disable elementor-widget elementor-widget-elementskit-icon-box\" data-id=\"99c4bb0\" data-element_type=\"widget\" data-widget_type=\"elementskit-icon-box.default\">\n\t\t\t\t\t<div class=\"ekit-wid-con\" >        <!-- link opening -->\n                <a href=\"#\" class=\"ekit_global_links\">\n                <!-- end link opening -->\n\n        <div class=\"elementskit-infobox text-center text- icon-top-align elementor-animation-\">\n                    <div class=\"elementskit-box-header elementor-animation-\">\n                <div class=\"elementskit-info-box-icon\">\n                    <i aria-hidden=\"true\" class=\"elementkit-infobox-icon icon icon-phone-call1\"><\/i>\n                <\/div>\n          <\/div>\n                        <div class=\"box-body\">\n                            <h3 class=\"elementskit-info-box-title\">\n                    Appelez-nous                <\/h3>\n                                            <\/div>\n        \n        \n                <\/div>\n                <\/a>\n        <\/div>\t\t\t\t<\/div>\n\t\t\t\t<div class=\"elementor-element elementor-element-9f42ecf elementor-view-default elementor-widget elementor-widget-icon\" data-id=\"9f42ecf\" data-element_type=\"widget\" data-widget_type=\"icon.default\">\n\t\t\t\t\t\t\t<div class=\"elementor-icon-wrapper\">\n\t\t\t<div class=\"elementor-icon\">\n\t\t\t<i aria-hidden=\"true\" class=\"icon icon-minus\"><\/i>\t\t\t<\/div>\n\t\t<\/div>\n\t\t\t\t\t\t<\/div>\n\t\t\t\t<div class=\"elementor-element elementor-element-64d076c elementor-widget elementor-widget-elementskit-heading\" data-id=\"64d076c\" data-element_type=\"widget\" data-widget_type=\"elementskit-heading.default\">\n\t\t\t\t\t<div class=\"ekit-wid-con\" ><div class=\"ekit-heading elementskit-section-title-wraper text_center   ekit_heading_tablet-   ekit_heading_mobile-\"><h2 class=\"ekit-heading--title elementskit-section-title\">05 22 23 04 37 \u00a006 78 45 28 34<\/h2><\/div><\/div>\t\t\t\t<\/div>\n\t\t\t\t<\/div>\n\t\t\t\t\t<\/div>\n\t\t\t\t<\/div>\n\t\t<div data-particle_enable=\"false\" data-particle-mobile-disabled=\"false\" class=\"elementor-element elementor-element-d1f7cf5 e-flex e-con-boxed wpr-particle-no wpr-jarallax-no wpr-parallax-no wpr-sticky-section-no e-con e-parent\" data-id=\"d1f7cf5\" data-element_type=\"container\" data-settings=\"{&quot;background_background&quot;:&quot;classic&quot;}\">\n\t\t\t\t\t<div class=\"e-con-inner\">\n\t\t\t\t<div class=\"elementor-element elementor-element-bc80f0b elementor-widget elementor-widget-elementskit-heading\" data-id=\"bc80f0b\" data-element_type=\"widget\" data-widget_type=\"elementskit-heading.default\">\n\t\t\t\t\t<div class=\"ekit-wid-con\" ><div class=\"ekit-heading elementskit-section-title-wraper text_center   ekit_heading_tablet-   ekit_heading_mobile-\"><h2 class=\"ekit-heading--title elementskit-section-title\">\u00cates-vous pr\u00eat \u00e0 b\u00e9n\u00e9ficier de nos services ?<\/h2>\t\t\t\t<div class='ekit-heading__description'>\n\t\t\t\t\t<p><strong>Nous sommes heureux de r\u00e9pondre \u00e0 toutes vos questions et de vous aider dans vos d\u00e9marches. Que vous ayez besoin de plus d'informations, que vous souhaitiez soumettre une demande ou discuter d'une collaboration, nous sommes l\u00e0 pour vous.<\/strong><\/p>\n\t\t\t\t<\/div>\n\t\t\t<\/div><\/div>\t\t\t\t<\/div>\n\t\t\t\t\t<\/div>\n\t\t\t\t<\/div>\n\t\t\t\t<\/div>","protected":false},"excerpt":{"rendered":"<p>CONTACT Contact us We are pleased to answer all your questions &#8230; <\/p>","protected":false},"author":1,"featured_media":0,"parent":0,"menu_order":0,"comment_status":"closed","ping_status":"closed","template":"elementor_header_footer","meta":{"_eb_attr":"","footnotes":""},"class_list":["post-4840","page","type-page","status-publish","hentry"],"_links":{"self":[{"href":"https:\/\/thamarusa.com\/fr\/wp-json\/wp\/v2\/pages\/4840","targetHints":{"allow":["GET"]}}],"collection":[{"href":"https:\/\/thamarusa.com\/fr\/wp-json\/wp\/v2\/pages"}],"about":[{"href":"https:\/\/thamarusa.com\/fr\/wp-json\/wp\/v2\/types\/page"}],"author":[{"embeddable":true,"href":"https:\/\/thamarusa.com\/fr\/wp-json\/wp\/v2\/users\/1"}],"replies":[{"embeddable":true,"href":"https:\/\/thamarusa.com\/fr\/wp-json\/wp\/v2\/comments?post=4840"}],"version-history":[{"count":17,"href":"https:\/\/thamarusa.com\/fr\/wp-json\/wp\/v2\/pages\/4840\/revisions"}],"predecessor-version":[{"id":5812,"href":"https:\/\/thamarusa.com\/fr\/wp-json\/wp\/v2\/pages\/4840\/revisions\/5812"}],"wp:attachment":[{"href":"https:\/\/thamarusa.com\/fr\/wp-json\/wp\/v2\/media?parent=4840"}],"curies":[{"name":"wp","href":"https:\/\/api.w.org\/{rel}","templated":true}]}}