{"id":5963,"date":"2025-08-01T13:39:09","date_gmt":"2025-08-01T12:39:09","guid":{"rendered":"https:\/\/thamarusa.com\/?page_id=5963"},"modified":"2025-08-02T02:24:13","modified_gmt":"2025-08-02T01:24:13","slug":"analytics-data","status":"publish","type":"page","link":"https:\/\/thamarusa.com\/fr\/analytics-data\/","title":{"rendered":"Analytics &#038; Data"},"content":{"rendered":"<div data-elementor-type=\"wp-page\" data-elementor-id=\"5963\" class=\"elementor elementor-5963\" data-elementor-post-type=\"page\">\n\t\t\t\t<div data-particle_enable=\"false\" data-particle-mobile-disabled=\"false\" class=\"elementor-element elementor-element-37b3c06 e-flex e-con-boxed wpr-particle-no wpr-jarallax-no wpr-parallax-no wpr-sticky-section-no e-con e-parent\" data-id=\"37b3c06\" data-element_type=\"container\">\n\t\t\t\t\t<div class=\"e-con-inner\">\n\t\t\t\t<div class=\"elementor-element elementor-element-262578c elementor-widget elementor-widget-html\" data-id=\"262578c\" data-element_type=\"widget\" data-widget_type=\"html.default\">\n\t\t\t\t\t<div class=\"ma-professional-container\">\r\n    <!-- Main Header -->\r\n    <div class=\"ma-header animate-slide-down\">\r\n        <h1 class=\"animate-pop-in\">Analyse et donn\u00e9es<\/h1>\r\n        <p class=\"ma-subtitle animate-pop-in\" style=\"animation-delay: 0.3s\">Recueillir des donn\u00e9es pour les traduire en donn\u00e9es statistiques exploitables afin de cr\u00e9er des tableaux de bord avec des indicateurs cl\u00e9s de performance adapt\u00e9s pour fournir des rapports de performance clairs aux d\u00e9partements marketing, commercial et financier.<\/p>\r\n    <\/div>\r\n\r\n    <!-- Service Support Section -->\r\n    <div class=\"ma-section\">\r\n        <h2 class=\"ma-section-title animate-slide-left\">Soutien aux services<\/h2>\r\n        <div class=\"ma-feature-boxes\">\r\n            <!-- Data Management -->\r\n            <div class=\"ma-feature-box animate-fade-in\" style=\"animation-delay: 0.2s\">\r\n                <div class=\"ma-icon-container\">\r\n                    <i class=\"fas fa-database\"><\/i>\r\n                <\/div>\r\n                <h3>Gestion des donn\u00e9es<\/h3>\r\n                <p>R\u00e9duire les co\u00fbts, prendre de meilleures d\u00e9cisions pour am\u00e9liorer les performances des campagnes de marketing ; l'analyste optimise les processus de travail de l'\u00e9quipe.<\/p>\r\n            <\/div>\r\n            \r\n            <!-- Data Engineers -->\r\n            <div class=\"ma-feature-box animate-fade-in\" style=\"animation-delay: 0.4s\">\r\n                <div class=\"ma-icon-container\">\r\n                    <i class=\"fas fa-server\"><\/i>\r\n                <\/div>\r\n                <h3>Ing\u00e9nieurs des donn\u00e9es<\/h3>\r\n                <p>Faciliter l'acc\u00e8s aux donn\u00e9es pour tous les services, en particulier les \u00e9quipes marketing, commerciales et financi\u00e8res.<\/p>\r\n            <\/div>\r\n        <\/div>\r\n    <\/div>\r\n\r\n    <!-- Service Details Section -->\r\n    <div class=\"ma-section\">\r\n        <h2 class=\"ma-section-title animate-slide-right\">D\u00e9tails du service<\/h2>\r\n        <div class=\"ma-service-grid\">\r\n            <!-- Data Analysis -->\r\n            <div class=\"ma-service-item animate-fade-in\" style=\"animation-delay: 0.2s\">\r\n                <div class=\"ma-service-icon\">\r\n                    <i class=\"fas fa-chart-line\"><\/i>\r\n                <\/div>\r\n                <h3>Analyse des donn\u00e9es<\/h3>\r\n                <p class=\"service-subtext\">Google Analytics, Google Ads, Fathom<\/p>\r\n            <\/div>\r\n            \r\n            <!-- Data Visualization -->\r\n            <div class=\"ma-service-item animate-fade-in\" style=\"animation-delay: 0.4s\">\r\n                <div class=\"ma-service-icon\">\r\n                    <i class=\"fas fa-chart-bar\"><\/i>\r\n                <\/div>\r\n                <h3>Visualisation des donn\u00e9es<\/h3>\r\n                <p class=\"service-subtext\">Data Studio, Power BI<\/p>\r\n            <\/div>\r\n        <\/div>\r\n    <\/div>\r\n<\/div>\r\n\r\n<style>\r\n\/* Professional Styling with Green Color Scheme *\/\r\n.ma-professional-container {\r\n    max-width: 1200px;\r\n    margin: 0 auto;\r\n    padding: 40px 20px;\r\n    font-family: 'Segoe UI', Roboto, 'Helvetica Neue', sans-serif;\r\n    color: #2d3748;\r\n}\r\n\r\n.ma-header {\r\n    text-align: center;\r\n    margin-bottom: 60px;\r\n}\r\n\r\n.ma-header h1 {\r\n    font-size: 2.3rem;\r\n    font-weight: 700;\r\n    color: #056335;\r\n    margin-bottom: 15px;\r\n}\r\n\r\n.ma-subtitle {\r\n    font-size: 1.1rem;\r\n    color: #4a5568;\r\n    max-width: 800px;\r\n    margin: 0 auto;\r\n    line-height: 1.6;\r\n}\r\n\r\n.ma-section {\r\n    margin-bottom: 60px;\r\n}\r\n\r\n.ma-section-title {\r\n    text-align: center;\r\n    font-size: 1.8rem;\r\n    font-weight: 600;\r\n    color: #056335;\r\n    margin-bottom: 40px;\r\n    position: relative;\r\n}\r\n\r\n.ma-section-title:after {\r\n    content: '';\r\n    display: block;\r\n    width: 60px;\r\n    height: 3px;\r\n    background: #056335;\r\n    margin: 15px auto 0;\r\n}\r\n\r\n\/* Feature Boxes *\/\r\n.ma-feature-boxes {\r\n    display: flex;\r\n    justify-content: center;\r\n    flex-wrap: wrap;\r\n    gap: 30px;\r\n}\r\n\r\n.ma-feature-box {\r\n    flex: 1;\r\n    min-width: 280px;\r\n    max-width: 450px;\r\n    background: white;\r\n    border-radius: 8px;\r\n    padding: 30px;\r\n    box-shadow: 0 4px 6px -1px rgba(0, 0, 0, 0.1), 0 2px 4px -1px rgba(0, 0, 0, 0.06);\r\n    transition: transform 0.3s ease, box-shadow 0.3s ease;\r\n    border-top: 3px solid #056335;\r\n}\r\n\r\n.ma-feature-box:hover {\r\n    transform: translateY(-5px);\r\n    box-shadow: 0 10px 15px -3px rgba(0, 0, 0, 0.1), 0 4px 6px -2px rgba(0, 0, 0, 0.05);\r\n}\r\n\r\n.ma-icon-container {\r\n    width: 60px;\r\n    height: 60px;\r\n    background: #e6f7ed;\r\n    border-radius: 12px;\r\n    display: flex;\r\n    align-items: center;\r\n    justify-content: center;\r\n    margin-bottom: 20px;\r\n    color: #056335;\r\n    font-size: 24px;\r\n}\r\n\r\n.ma-feature-box h3 {\r\n    font-size: 1.3rem;\r\n    font-weight: 600;\r\n    margin-bottom: 15px;\r\n    color: #056335;\r\n}\r\n\r\n.ma-feature-box p {\r\n    color: #4a5568;\r\n    line-height: 1.6;\r\n    font-size: 1rem;\r\n}\r\n\r\n\/* Service Grid *\/\r\n.ma-service-grid {\r\n    display: flex;\r\n    justify-content: center;\r\n    flex-wrap: wrap;\r\n    gap: 30px;\r\n}\r\n\r\n.ma-service-item {\r\n    flex: 1;\r\n    min-width: 280px;\r\n    max-width: 350px;\r\n    background: white;\r\n    border-radius: 8px;\r\n    padding: 30px 20px;\r\n    text-align: center;\r\n    box-shadow: 0 4px 6px -1px rgba(0, 0, 0, 0.1), 0 2px 4px -1px rgba(0, 0, 0, 0.06);\r\n    transition: all 0.3s ease;\r\n    border-top: 3px solid #056335;\r\n}\r\n\r\n.ma-service-item:hover {\r\n    transform: translateY(-3px);\r\n    box-shadow: 0 10px 15px -3px rgba(0, 0, 0, 0.1), 0 4px 6px -2px rgba(0, 0, 0, 0.05);\r\n}\r\n\r\n.ma-service-icon {\r\n    width: 60px;\r\n    height: 60px;\r\n    margin: 0 auto 20px;\r\n    background: #e6f7ed;\r\n    border-radius: 12px;\r\n    display: flex;\r\n    align-items: center;\r\n    justify-content: center;\r\n    color: #056335;\r\n    font-size: 24px;\r\n}\r\n\r\n.ma-service-item h3 {\r\n    font-size: 1.3rem;\r\n    font-weight: 600;\r\n    color: #056335;\r\n    margin-bottom: 10px;\r\n}\r\n\r\n.service-subtext {\r\n    font-size: 0.9rem;\r\n    color: #6b7280;\r\n    margin: 0;\r\n    line-height: 1.5;\r\n}\r\n\r\n\/* Animation Styles *\/\r\n@keyframes slideDown {\r\n    from {\r\n        transform: translateY(-50px);\r\n        opacity: 0;\r\n    }\r\n    to {\r\n        transform: translateY(0);\r\n        opacity: 1;\r\n    }\r\n}\r\n\r\n@keyframes popIn {\r\n    from {\r\n        transform: scale(0.8);\r\n        opacity: 0;\r\n    }\r\n    to {\r\n        transform: scale(1);\r\n        opacity: 1;\r\n    }\r\n}\r\n\r\n@keyframes slideLeft {\r\n    from {\r\n        transform: translateX(-50px);\r\n        opacity: 0;\r\n    }\r\n    to {\r\n        transform: translateX(0);\r\n        opacity: 1;\r\n    }\r\n}\r\n\r\n@keyframes slideRight {\r\n    from {\r\n        transform: translateX(50px);\r\n        opacity: 0;\r\n    }\r\n    to {\r\n        transform: translateX(0);\r\n        opacity: 1;\r\n    }\r\n}\r\n\r\n@keyframes fadeIn {\r\n    from {\r\n        opacity: 0;\r\n    }\r\n    to {\r\n        opacity: 1;\r\n    }\r\n}\r\n\r\n.animate-slide-down {\r\n    animation: slideDown 0.8s ease-out forwards;\r\n}\r\n\r\n.animate-pop-in {\r\n    animation: popIn 0.6s cubic-bezier(0.26, 0.54, 0.32, 1) forwards;\r\n}\r\n\r\n.animate-slide-left {\r\n    animation: slideLeft 0.6s ease-out forwards;\r\n}\r\n\r\n.animate-slide-right {\r\n    animation: slideRight 0.6s ease-out forwards;\r\n}\r\n\r\n.animate-fade-in {\r\n    animation: fadeIn 0.8s ease-out forwards;\r\n    opacity: 0;\r\n}\r\n\r\n\/* Responsive Design *\/\r\n@media (max-width: 768px) {\r\n    .ma-feature-boxes {\r\n        flex-direction: column;\r\n    }\r\n    \r\n    .ma-feature-box {\r\n        min-width: 100%;\r\n        max-width: 100%;\r\n    }\r\n    \r\n    .ma-service-grid {\r\n        flex-direction: column;\r\n        align-items: center;\r\n    }\r\n    \r\n    .ma-service-item {\r\n        min-width: 100%;\r\n        max-width: 100%;\r\n    }\r\n    \r\n    .ma-header h1 {\r\n        font-size: 2rem;\r\n    }\r\n    \r\n    .ma-section-title {\r\n        font-size: 1.5rem;\r\n    }\r\n}\r\n<\/style>\r\n\r\n<script>\r\n\/\/ This ensures animations play when elements are in viewport\r\ndocument.addEventListener('DOMContentLoaded', function() {\r\n    const animateElements = document.querySelectorAll('[class*=\"animate-\"]');\r\n    \r\n    const observer = new IntersectionObserver((entries) => {\r\n        entries.forEach(entry => {\r\n            if (entry.isIntersecting) {\r\n                entry.target.style.visibility = 'visible';\r\n                entry.target.style.animationPlayState = 'running';\r\n            }\r\n        });\r\n    }, {threshold: 0.1});\r\n    \r\n    animateElements.forEach(el => {\r\n        el.style.visibility = 'hidden';\r\n        el.style.animationPlayState = 'paused';\r\n        observer.observe(el);\r\n    });\r\n});\r\n<\/script>\t\t\t\t<\/div>\n\t\t\t\t\t<\/div>\n\t\t\t\t<\/div>\n\t\t\t\t<\/div>","protected":false},"excerpt":{"rendered":"<p>Analytics &#038; Data Collect data to translate it into exploitable statistical &#8230; <\/p>","protected":false},"author":1,"featured_media":0,"parent":0,"menu_order":0,"comment_status":"closed","ping_status":"closed","template":"elementor_header_footer","meta":{"_eb_attr":"","footnotes":""},"class_list":["post-5963","page","type-page","status-publish","hentry"],"_links":{"self":[{"href":"https:\/\/thamarusa.com\/fr\/wp-json\/wp\/v2\/pages\/5963","targetHints":{"allow":["GET"]}}],"collection":[{"href":"https:\/\/thamarusa.com\/fr\/wp-json\/wp\/v2\/pages"}],"about":[{"href":"https:\/\/thamarusa.com\/fr\/wp-json\/wp\/v2\/types\/page"}],"author":[{"embeddable":true,"href":"https:\/\/thamarusa.com\/fr\/wp-json\/wp\/v2\/users\/1"}],"replies":[{"embeddable":true,"href":"https:\/\/thamarusa.com\/fr\/wp-json\/wp\/v2\/comments?post=5963"}],"version-history":[{"count":10,"href":"https:\/\/thamarusa.com\/fr\/wp-json\/wp\/v2\/pages\/5963\/revisions"}],"predecessor-version":[{"id":6019,"href":"https:\/\/thamarusa.com\/fr\/wp-json\/wp\/v2\/pages\/5963\/revisions\/6019"}],"wp:attachment":[{"href":"https:\/\/thamarusa.com\/fr\/wp-json\/wp\/v2\/media?parent=5963"}],"curies":[{"name":"wp","href":"https:\/\/api.w.org\/{rel}","templated":true}]}}